{"id":350,"date":"2023-12-05T15:37:54","date_gmt":"2023-12-05T15:37:54","guid":{"rendered":"https:\/\/vitavif.com\/?post_type=product&#038;p=350"},"modified":"2025-06-28T14:02:46","modified_gmt":"2025-06-28T14:02:46","slug":"magnesium","status":"publish","type":"product","link":"https:\/\/vitavif.com\/pt\/tienda\/magnesium\/","title":{"rendered":"Magnesium"},"content":{"rendered":"<p>Um dos suplementos mais vendidos em 2023. Uma saborosa goma de cereja com propriedades de magn\u00e9sio de f\u00e1cil absor\u00e7\u00e3o: o citrato. Por 60 dias de uso.<\/p>","protected":false},"excerpt":{"rendered":"<p>Um dos suplementos mais vendidos em 2023. Uma saborosa goma de cereja com propriedades de magn\u00e9sio de f\u00e1cil absor\u00e7\u00e3o: o citrato. Por 60 dias de uso.<\/p>","protected":false},"featured_media":613,"comment_status":"open","ping_status":"closed","template":"","meta":{"_acf_changed":false,"_seopress_robots_primary_cat":"none","_seopress_titles_title":"","_seopress_titles_desc":"","_seopress_robots_index":""},"product_brand":[],"product_cat":[23],"product_tag":[],"class_list":{"0":"post-350","1":"product","2":"type-product","3":"status-publish","4":"has-post-thumbnail","6":"product_cat-soporte-unico","8":"first","9":"instock","10":"taxable","11":"shipping-taxable","12":"purchasable","13":"product-type-simple"},"acf":[],"_links":{"self":[{"href":"https:\/\/vitavif.com\/pt\/wp-json\/wp\/v2\/product\/350","targetHints":{"allow":["GET"]}}],"collection":[{"href":"https:\/\/vitavif.com\/pt\/wp-json\/wp\/v2\/product"}],"about":[{"href":"https:\/\/vitavif.com\/pt\/wp-json\/wp\/v2\/types\/product"}],"replies":[{"embeddable":true,"href":"https:\/\/vitavif.com\/pt\/wp-json\/wp\/v2\/comments?post=350"}],"wp:featuredmedia":[{"embeddable":true,"href":"https:\/\/vitavif.com\/pt\/wp-json\/wp\/v2\/media\/613"}],"wp:attachment":[{"href":"https:\/\/vitavif.com\/pt\/wp-json\/wp\/v2\/media?parent=350"}],"wp:term":[{"taxonomy":"product_brand","embeddable":true,"href":"https:\/\/vitavif.com\/pt\/wp-json\/wp\/v2\/product_brand?post=350"},{"taxonomy":"product_cat","embeddable":true,"href":"https:\/\/vitavif.com\/pt\/wp-json\/wp\/v2\/product_cat?post=350"},{"taxonomy":"product_tag","embeddable":true,"href":"https:\/\/vitavif.com\/pt\/wp-json\/wp\/v2\/product_tag?post=350"}],"curies":[{"name":"wp","href":"https:\/\/api.w.org\/{rel}","templated":true}]}}