{"id":247,"date":"2023-11-22T13:14:51","date_gmt":"2023-11-22T13:14:51","guid":{"rendered":"https:\/\/vitavif.com\/?post_type=product&#038;p=247"},"modified":"2025-01-07T00:00:22","modified_gmt":"2025-01-07T00:00:22","slug":"kids","status":"publish","type":"product","link":"https:\/\/vitavif.com\/pt\/tienda\/kids\/","title":{"rendered":"Kids"},"content":{"rendered":"<p>Ajude o desenvolvimento do seu filho com o delicioso multivitam\u00ednico 'Kids'. D\u00ea a ele uma goma sem a\u00e7\u00facar com sabor de morango por dia. Dois meses de uso para crian\u00e7as de 3 a 12 anos.<\/p>","protected":false},"excerpt":{"rendered":"<p>Ajude o desenvolvimento do seu filho com o delicioso multivitam\u00ednico 'Kids'. D\u00ea a ele uma goma sem a\u00e7\u00facar com sabor de morango por dia. Dois meses de uso para crian\u00e7as de 3 a 12 anos.<\/p>","protected":false},"featured_media":606,"comment_status":"open","ping_status":"closed","template":"","meta":{"_acf_changed":false,"_seopress_robots_primary_cat":"none","_seopress_titles_title":"","_seopress_titles_desc":"","_seopress_robots_index":""},"product_brand":[],"product_cat":[21],"product_tag":[],"class_list":{"0":"post-247","1":"product","2":"type-product","3":"status-publish","4":"has-post-thumbnail","6":"product_cat-multivitamina","8":"first","9":"instock","10":"taxable","11":"shipping-taxable","12":"purchasable","13":"product-type-simple"},"acf":[],"_links":{"self":[{"href":"https:\/\/vitavif.com\/pt\/wp-json\/wp\/v2\/product\/247","targetHints":{"allow":["GET"]}}],"collection":[{"href":"https:\/\/vitavif.com\/pt\/wp-json\/wp\/v2\/product"}],"about":[{"href":"https:\/\/vitavif.com\/pt\/wp-json\/wp\/v2\/types\/product"}],"replies":[{"embeddable":true,"href":"https:\/\/vitavif.com\/pt\/wp-json\/wp\/v2\/comments?post=247"}],"wp:featuredmedia":[{"embeddable":true,"href":"https:\/\/vitavif.com\/pt\/wp-json\/wp\/v2\/media\/606"}],"wp:attachment":[{"href":"https:\/\/vitavif.com\/pt\/wp-json\/wp\/v2\/media?parent=247"}],"wp:term":[{"taxonomy":"product_brand","embeddable":true,"href":"https:\/\/vitavif.com\/pt\/wp-json\/wp\/v2\/product_brand?post=247"},{"taxonomy":"product_cat","embeddable":true,"href":"https:\/\/vitavif.com\/pt\/wp-json\/wp\/v2\/product_cat?post=247"},{"taxonomy":"product_tag","embeddable":true,"href":"https:\/\/vitavif.com\/pt\/wp-json\/wp\/v2\/product_tag?post=247"}],"curies":[{"name":"wp","href":"https:\/\/api.w.org\/{rel}","templated":true}]}}