{"id":246,"date":"2023-11-22T12:31:02","date_gmt":"2023-11-22T12:31:02","guid":{"rendered":"https:\/\/vitavif.com\/?post_type=product&#038;p=246"},"modified":"2025-12-28T12:30:31","modified_gmt":"2025-12-28T12:30:31","slug":"multi","status":"publish","type":"product","link":"https:\/\/vitavif.com\/pt\/tienda\/multi\/","title":{"rendered":"Multi+"},"content":{"rendered":"<p>Fortale\u00e7a a sua sa\u00fade desfrutando diariamente das suas vitaminas essenciais com apenas duas gomas. Sem a\u00e7\u00facar, com cores e sabores naturais extra\u00eddos de fontes vegetais. Saboroso, divertido e f\u00e1cil!<\/p>","protected":false},"excerpt":{"rendered":"<p>Fortale\u00e7a a sua sa\u00fade desfrutando diariamente das suas vitaminas essenciais com apenas duas gomas. Sem a\u00e7\u00facar, com cores e sabores naturais extra\u00eddos de fontes vegetais. Saboroso, divertido e f\u00e1cil!<\/p>","protected":false},"featured_media":603,"comment_status":"open","ping_status":"closed","template":"","meta":{"_acf_changed":false,"_seopress_robots_primary_cat":"none","_seopress_titles_title":"","_seopress_titles_desc":"","_seopress_robots_index":""},"product_brand":[],"product_cat":[21],"product_tag":[],"class_list":{"0":"post-246","1":"product","2":"type-product","3":"status-publish","4":"has-post-thumbnail","6":"product_cat-multivitamina","8":"first","9":"instock","10":"taxable","11":"shipping-taxable","12":"purchasable","13":"product-type-simple"},"acf":[],"_links":{"self":[{"href":"https:\/\/vitavif.com\/pt\/wp-json\/wp\/v2\/product\/246","targetHints":{"allow":["GET"]}}],"collection":[{"href":"https:\/\/vitavif.com\/pt\/wp-json\/wp\/v2\/product"}],"about":[{"href":"https:\/\/vitavif.com\/pt\/wp-json\/wp\/v2\/types\/product"}],"replies":[{"embeddable":true,"href":"https:\/\/vitavif.com\/pt\/wp-json\/wp\/v2\/comments?post=246"}],"wp:featuredmedia":[{"embeddable":true,"href":"https:\/\/vitavif.com\/pt\/wp-json\/wp\/v2\/media\/603"}],"wp:attachment":[{"href":"https:\/\/vitavif.com\/pt\/wp-json\/wp\/v2\/media?parent=246"}],"wp:term":[{"taxonomy":"product_brand","embeddable":true,"href":"https:\/\/vitavif.com\/pt\/wp-json\/wp\/v2\/product_brand?post=246"},{"taxonomy":"product_cat","embeddable":true,"href":"https:\/\/vitavif.com\/pt\/wp-json\/wp\/v2\/product_cat?post=246"},{"taxonomy":"product_tag","embeddable":true,"href":"https:\/\/vitavif.com\/pt\/wp-json\/wp\/v2\/product_tag?post=246"}],"curies":[{"name":"wp","href":"https:\/\/api.w.org\/{rel}","templated":true}]}}