{"id":65,"date":"2023-10-31T13:20:02","date_gmt":"2023-10-31T13:20:02","guid":{"rendered":"https:\/\/vitavif.com\/?page_id=65"},"modified":"2024-05-01T12:21:43","modified_gmt":"2024-05-01T12:21:43","slug":"home","status":"publish","type":"page","link":"https:\/\/vitavif.com\/en\/","title":{"rendered":"Home"},"content":{"rendered":"<div class=\"theme-wrapper theme-hero\">\n    <div class=\"custom-container\">\n        <div class=\"row align-items-center\">\n            <div class=\"col-12 col-lg-6\">\n                <div class=\"theme-hero-wrapper\">\n                    <h2 class=\"theme-hero-wrapper-new\">Your new healthy vitamin routine!<\/h2>\n                    <div class=\"theme-hero-wrapper-content\"><p>Vitavif Yummygums embrace the power of routine and encourage a healthy lifestyle with taste and pleasure.<\/p>\n<\/div>\n                    <a class=\"theme-hero-wrapper-link theme-button\" href=\"https:\/\/vitavif.com\/en\/shop\/\">Discounts of 15% and 25%!<\/a>\n                <\/div>\n            <\/div>\n            <div class=\"col-12 col-md-8 col-lg-6\">\n                <div class=\"theme-hero-image\">\n                    <div class=\"theme-hero-image-bottle\">\n                        <img decoding=\"async\" src=\"https:\/\/vitavif.com\/wp-content\/uploads\/2023\/12\/vitavif-home-hair-hero-image-v002.png\" alt=\"Hero Image\">\n                    <\/div>\n                <\/div>\n            <\/div>\n        <\/div>\n    <\/div>\n<\/div>\n\n<div class=\"theme-wrapper theme-slider\">\n    <div class=\"container\">\n        <div class=\"row\">\n            <div class=\"col-12\">\n                <h2 class=\"theme-slider-title\">OUR VITAMINS<\/h2>\n            <\/div>\n            <div class=\"col-12 col-lg-7\">\n                <div class=\"theme-slider-content\">Las Yummygums Vitavif est\u00e1n cuidadosamente formuladas, son naturales y contienen solo ingredientes de alta calidad. Todas las vitaminas son 100% veganas, sin az\u00facar y no contienen colorantes ni sabores artificiales. Adem\u00e1s est\u00e1n libres de al\u00e9rgenos como el gluten o la lactosa. \r\n\r\nHaciendo click en el producto te informamos sobre sus beneficios y su composici\u00f3n.<\/div>\n            <\/div>\n            <div class=\"col-12 col-lg-5\">\n                <div class=\"theme-slider-wrapper\">\n                    <a class=\"theme-slider-wrapper-link theme-button\" href=\"https:\/\/vitavif.com\/en\/shop\/\">All products <i class=\"fa-solid fa-arrow-right\"><\/i><\/a>\n                    <div class=\"theme-slider-wrapper-prev\"><i class=\"fa-solid fa-arrow-left\"><\/i><\/div>\n                    <div class=\"theme-slider-wrapper-next\"><i class=\"fa-solid fa-arrow-right\"><\/i><\/div>\n                <\/div>\n            <\/div>\n            <div class=\"col-12\">\n                <div class=\"theme-slider-slider\">\n                                        <div class=\"theme-slider-slider-slide\">\n                        <div class=\"theme-slider-slider-slide-image-wrapper\">\n                                                        <img decoding=\"async\" src=\"https:\/\/vitavif.com\/wp-content\/uploads\/2024\/01\/8718868966728-nl-1A-hair-B.webp\" alt=\"Product Image\">\n                                                                                    <div class=\"theme-slider-slider-slide-basket\" data-pid=\"143\">\n                                <i class=\"fa-regular fa-basket-shopping-simple\"><\/i>\n                            <\/div>\n                                                    <\/div>\n                        <h3 class=\"theme-slider-slider-slide-title\">Hair<\/h3>\n                        <h4 class=\"theme-slider-slider-slide-subtitle\">Wellness and beauty<\/h4>\n                        <div class=\"theme-slider-slider-slide-content\">Get strong, long and healthy hair with our premium sugar-free vitamins. They contain no less than 10 vitamins and minerals and natural bamboo extract.<\/div>\n                        <a class=\"theme-slider-slider-slide-link\" href=\"https:\/\/vitavif.com\/en\/tienda\/hair\/\"><\/a>\n                    <\/div>\n                                        <div class=\"theme-slider-slider-slide\">\n                        <div class=\"theme-slider-slider-slide-image-wrapper\">\n                                                        <img decoding=\"async\" src=\"https:\/\/vitavif.com\/wp-content\/uploads\/2024\/01\/8718868966704-multi-b.webp\" alt=\"Product Image\">\n                                                                                    <div class=\"theme-slider-slider-slide-basket\" data-pid=\"246\">\n                                <i class=\"fa-regular fa-basket-shopping-simple\"><\/i>\n                            <\/div>\n                                                    <\/div>\n                        <h3 class=\"theme-slider-slider-slide-title\">Multi+<\/h3>\n                        <h4 class=\"theme-slider-slider-slide-subtitle\">Multivitamin<\/h4>\n                        <div class=\"theme-slider-slider-slide-content\">Reinforce your health. Enjoy your essential vitamins daily with just two sugar-free gummies. Tasty, fun and easy!<\/div>\n                        <a class=\"theme-slider-slider-slide-link\" href=\"https:\/\/vitavif.com\/en\/tienda\/multi\/\"><\/a>\n                    <\/div>\n                                        <div class=\"theme-slider-slider-slide\">\n                        <div class=\"theme-slider-slider-slide-image-wrapper\">\n                                                        <img decoding=\"async\" src=\"https:\/\/vitavif.com\/wp-content\/uploads\/2024\/01\/8720387845101-kids-b.webp\" alt=\"Product Image\">\n                                                                                    <div class=\"theme-slider-slider-slide-basket\" data-pid=\"247\">\n                                <i class=\"fa-regular fa-basket-shopping-simple\"><\/i>\n                            <\/div>\n                                                    <\/div>\n                        <h3 class=\"theme-slider-slider-slide-title\">Kids<\/h3>\n                        <h4 class=\"theme-slider-slider-slide-subtitle\">Multivitamin<\/h4>\n                        <div class=\"theme-slider-slider-slide-content\">Support your child's development with the delicious 'Kids' multi vitamin. Give them one sugar-free strawberry-flavored gummy a day. Two months of use for children from 3 to 12 years old.<\/div>\n                        <a class=\"theme-slider-slider-slide-link\" href=\"https:\/\/vitavif.com\/en\/tienda\/kids\/\"><\/a>\n                    <\/div>\n                                        <div class=\"theme-slider-slider-slide\">\n                        <div class=\"theme-slider-slider-slide-image-wrapper\">\n                                                        <img decoding=\"async\" src=\"https:\/\/vitavif.com\/wp-content\/uploads\/2024\/01\/8720387845477-omega-b.webp\" alt=\"Product Image\">\n                                                                                    <div class=\"theme-slider-slider-slide-basket\" data-pid=\"250\">\n                                <i class=\"fa-regular fa-basket-shopping-simple\"><\/i>\n                            <\/div>\n                                                    <\/div>\n                        <h3 class=\"theme-slider-slider-slide-title\">Omega-3<\/h3>\n                        <h4 class=\"theme-slider-slider-slide-subtitle\">Single support<\/h4>\n                        <div class=\"theme-slider-slider-slide-content\">The first omega-3 supplement with no fishy taste, containing the essential fatty acid DHA, made from algae oil. Low-sugar gummies with a great citrus flavour.<\/div>\n                        <a class=\"theme-slider-slider-slide-link\" href=\"https:\/\/vitavif.com\/en\/tienda\/omega-3\/\"><\/a>\n                    <\/div>\n                                        <div class=\"theme-slider-slider-slide\">\n                        <div class=\"theme-slider-slider-slide-image-wrapper\">\n                                                        <img decoding=\"async\" src=\"https:\/\/vitavif.com\/wp-content\/uploads\/2024\/01\/8720387845392-nl-1A-vegan-B.webp\" alt=\"Product Image\">\n                                                                                    <div class=\"theme-slider-slider-slide-basket\" data-pid=\"251\">\n                                <i class=\"fa-regular fa-basket-shopping-simple\"><\/i>\n                            <\/div>\n                                                    <\/div>\n                        <h3 class=\"theme-slider-slider-slide-title\">Vegan<\/h3>\n                        <h4 class=\"theme-slider-slider-slide-subtitle\">Multivitamin<\/h4>\n                        <div class=\"theme-slider-slider-slide-content\">Vegan, vegetarian, or flexitarian? Your daily dose of vitamin B12, calcium, and iron, in delicious sugar-free blackberry-flavoured gummies. The first vegan gummy formula to contain iron!<\/div>\n                        <a class=\"theme-slider-slider-slide-link\" href=\"https:\/\/vitavif.com\/en\/tienda\/vegan\/\"><\/a>\n                    <\/div>\n                                        <div class=\"theme-slider-slider-slide\">\n                        <div class=\"theme-slider-slider-slide-image-wrapper\">\n                                                        <img decoding=\"async\" src=\"https:\/\/vitavif.com\/wp-content\/uploads\/2024\/01\/8720387845576-menopause-b.webp\" alt=\"Product Image\">\n                                                                                    <div class=\"theme-slider-slider-slide-basket\" data-pid=\"252\">\n                                <i class=\"fa-regular fa-basket-shopping-simple\"><\/i>\n                            <\/div>\n                                                    <\/div>\n                        <h3 class=\"theme-slider-slider-slide-title\">Menopause<\/h3>\n                        <h4 class=\"theme-slider-slider-slide-subtitle\">Wellness and beauty<\/h4>\n                        <div class=\"theme-slider-slider-slide-content\">Make menopause more comfortable with blackberry-flavoured gummies against hot flushes, night sweats, and mood changes. Contains sage, evening primrose, chasteberry, and vitamins B6 and B12.<\/div>\n                        <a class=\"theme-slider-slider-slide-link\" href=\"https:\/\/vitavif.com\/en\/tienda\/menopause\/\"><\/a>\n                    <\/div>\n                                        <div class=\"theme-slider-slider-slide\">\n                        <div class=\"theme-slider-slider-slide-image-wrapper\">\n                                                        <img decoding=\"async\" src=\"https:\/\/vitavif.com\/wp-content\/uploads\/2023\/12\/instagram-cta-8.webp\" alt=\"Product Image\">\n                                                                                    <div class=\"theme-slider-slider-slide-basket\" data-pid=\"371\">\n                                <i class=\"fa-regular fa-basket-shopping-simple\"><\/i>\n                            <\/div>\n                                                    <\/div>\n                        <h3 class=\"theme-slider-slider-slide-title\">Sleep<\/h3>\n                        <h4 class=\"theme-slider-slider-slide-subtitle\">Wellness and beauty<\/h4>\n                        <div class=\"theme-slider-slider-slide-content\">Good for a night\u2019s sleep. Gummies with melatonin, chamomile, passion flower and hawthorn with a delicious blueberry flavour.<\/div>\n                        <a class=\"theme-slider-slider-slide-link\" href=\"https:\/\/vitavif.com\/en\/tienda\/sleep\/\"><\/a>\n                    <\/div>\n                                        <div class=\"theme-slider-slider-slide\">\n                        <div class=\"theme-slider-slider-slide-image-wrapper\">\n                                                        <img decoding=\"async\" src=\"https:\/\/vitavif.com\/wp-content\/uploads\/2023\/12\/instagram-cta-9.webp\" alt=\"Product Image\">\n                                                                                    <div class=\"theme-slider-slider-slide-basket\" data-pid=\"350\">\n                                <i class=\"fa-regular fa-basket-shopping-simple\"><\/i>\n                            <\/div>\n                                                    <\/div>\n                        <h3 class=\"theme-slider-slider-slide-title\">Magnesium<\/h3>\n                        <h4 class=\"theme-slider-slider-slide-subtitle\">Single support<\/h4>\n                        <div class=\"theme-slider-slider-slide-content\">One of the best-selling supplements in 2023. A tasty cherry gummy with the properties of easily absorbed magnesium: citrate. For 60 days of use.<\/div>\n                        <a class=\"theme-slider-slider-slide-link\" href=\"https:\/\/vitavif.com\/en\/tienda\/magnesium\/\"><\/a>\n                    <\/div>\n                                    <\/div>\n            <\/div>\n        <\/div>\n    <\/div>\n<\/div>\n\n<div class=\"theme-wrapper theme-content\">\n    <div class=\"container\">\n        <div class=\"row\">\n            <div class=\"col-12 col-md-5\">\n                <div class=\"theme-content-image-wrapper\">\n                    <img decoding=\"async\" src=\"https:\/\/vitavif.com\/wp-content\/uploads\/2024\/01\/Charmaine-14422-vierkant-min.jpg\" alt=\"Content Image\">\n                <\/div>\n            <\/div>\n            <div class=\"col-12 col-md-7\">\n                <div class=\"theme-content-wrapper\">\n                    <h3 class=\"theme-content-wrapper-subtitle\">\n                        <img decoding=\"async\" src=\"https:\/\/vitavif.com\/wp-content\/themes\/loeihard-theme\/assets\/img\/mini-gummie.png\" alt=\"Little Gummie\">\n                        Vital every day!                    <\/h3>\n                    <h2 class=\"theme-content-wrapper-title\">\n                        Vitamin Gummies packed with healthy flavour!                    <\/h2>\n                    <div class=\"theme-content-wrapper-content\">\n                        <p class=\"translation-block\">En Vitavif nos interesan las personas. Trabajamos para crear un impacto positivo, cuidando tu bienestar y tu entorno. Queremos ayudarte a mantener una rutina saludable tomando vitaminas y minerales de forma <strong>constante y responsable.<\/strong><\/p>\n<p>&nbsp;<\/p>\n<p>The secret is in the routine, yours. Taking supplements every day is quite a challenge. But when they're tasty Yummy Gums, it's easy to keep up.<\/p>\n<p>&nbsp;<\/p>\n<p>By making our vitamins natural, fun, and tasty, you can create a routine that really keeps you motivated to continue taking care of yourself.<\/p>\n                    <\/div>\n                <\/div>\n            <\/div>\n        <\/div>\n    <\/div>\n<\/div>\n\n<div class=\"theme-wrapper theme-cta\">\n    <div class=\"container\">\n        <div class=\"row\">\n            <div class=\"col-12 col-lg-6\">\n                <div class=\"theme-cta-wrapper\">\n                    <a class=\"theme-cta-wrapper-cta\" href=\"https:\/\/www.instagram.com\/vitavif.vitamins\/\">\n                        <div class=\"theme-cta-wrapper-cta-insta\">\n                            <i class=\"fa-brands fa-instagram\"><\/i>\n                        <\/div>\n                        <h3 class=\"theme-cta-wrapper-cta-name\">@vitavif<\/h3>\n                    <\/a>\n                <\/div>\n                <h2 class=\"theme-cta-title\">VITAVIF FANS<\/h2>\n                <h3 class=\"theme-cta-subtitle\">Follow us and join the Yummygums Family!<\/h3>\n                <div class=\"theme-cta-content\"><p>Every day we make people happy with Yummygums. Our fans are excited and satisfied with the results. If you have experienced this too, let us know and write a review.<\/p>\n<\/div>\n                <div class=\"theme-cta-image-wrapper\">\n                    <img decoding=\"async\" src=\"https:\/\/vitavif.com\/wp-content\/uploads\/2023\/10\/gummies-emphasis.png\" alt=\"Gummies\">\n                <\/div>\n            <\/div>\n            <div class=\"col-12 col-lg-6\">\n                <div class=\"theme-cta__wrapper\">\n                    <div class=\"theme-cta-row\">\n                        <div class=\"theme-cta-row-image-wrapper image-small\">\n                            <img decoding=\"async\" src=\"https:\/\/vitavif.com\/wp-content\/themes\/loeihard-theme\/assets\/img\/instagram-cta-1.webp\" alt=\"\">\n                        <\/div>\n                        <div class=\"theme-cta-row-image-wrapper image-small\">\n                            <img decoding=\"async\" src=\"https:\/\/vitavif.com\/wp-content\/themes\/loeihard-theme\/assets\/img\/instagram-cta-4.webp\" alt=\"\">\n                        <\/div>\n                        <div class=\"theme-cta-row-image-wrapper image-small\">\n                            <img decoding=\"async\" src=\"https:\/\/vitavif.com\/wp-content\/themes\/loeihard-theme\/assets\/img\/instagram-cta-7.webp\" alt=\"\">\n                        <\/div>\n                    <\/div>\n                    <div class=\"theme-cta-row\">\n                        <div class=\"theme-cta-row-image-wrapper image-small\">\n                            <img decoding=\"async\" src=\"https:\/\/vitavif.com\/wp-content\/themes\/loeihard-theme\/assets\/img\/instagram-cta-2.webp\" alt=\"\">\n                        <\/div>\n                        <div class=\"theme-cta-row-image-wrapper image-small\">\n                            <img decoding=\"async\" src=\"https:\/\/vitavif.com\/wp-content\/themes\/loeihard-theme\/assets\/img\/instagram-cta-5.webp\" alt=\"\">\n                        <\/div>\n                        <div class=\"theme-cta-row-image-wrapper image-small\">\n                            <img decoding=\"async\" src=\"https:\/\/vitavif.com\/wp-content\/themes\/loeihard-theme\/assets\/img\/instagram-cta-8.webp\" alt=\"\">\n                        <\/div>\n                    <\/div>\n                    <div class=\"theme-cta-row\">\n                        <div class=\"theme-cta-row-image-wrapper image-small\">\n                            <img decoding=\"async\" src=\"https:\/\/vitavif.com\/wp-content\/themes\/loeihard-theme\/assets\/img\/instagram-cta-3.webp\" alt=\"\">\n                        <\/div>\n                        <div class=\"theme-cta-row-image-wrapper image-small\">\n                            <img decoding=\"async\" src=\"https:\/\/vitavif.com\/wp-content\/themes\/loeihard-theme\/assets\/img\/instagram-cta-6.webp\" alt=\"\">\n                        <\/div>\n                        <div class=\"theme-cta-row-image-wrapper image-small\">\n                            <img decoding=\"async\" src=\"https:\/\/vitavif.com\/wp-content\/themes\/loeihard-theme\/assets\/img\/instagram-cta-9.webp\" alt=\"\">\n                        <\/div>\n                    <\/div>\n                <\/div>\n            <\/div>\n        <\/div>\n    <\/div>\n<\/div>\n\n<div class=\"theme-wrapper theme-review\">\n    <div class=\"container\">\n        <div class=\"row\">\n            <div class=\"col-12 col-lg-6\">\n                <div class=\"theme-review-wrapper\">\n                    <h2 class=\"theme-review-wrapper-title\">Rate your experience<\/h2>\n                    <div class=\"theme-review-wrapper-content\"><p>Do you want to tell us about your experiences buying in Vitavif or leave a<\/p>\n<p>comment about our vitamins? Share your opinion with other customers.<\/p>\n<\/div>\n                    <a class=\"theme-review-wrapper-button theme-button\" href=\"https:\/\/www.trustpilot.com\/review\/vitavif.com\">Write your review<\/a>\n                <\/div>\n            <\/div>\n            <div class=\"col-12 col-lg-6\">\n                <div class=\"theme-review-image-wrapper\">\n                    <a href=\"https:\/\/www.trustpilot.com\/review\/vitavif.com\">\n                        <img decoding=\"async\" src=\"https:\/\/vitavif.com\/wp-content\/themes\/loeihard-theme\/assets\/img\/trustpilot-graphic.webp\" alt=\"Review Image\">\n                    <\/a>\n                <\/div>\n            <\/div>\n        <\/div>\n    <\/div>\n<\/div>\n\n<div class=\"theme-wrapper theme-faq\">\n    <div class=\"container\">\n        <div class=\"row justify-content-center\">\n            <div class=\"col-12 col-md-10 col-lg-6\">\n                <h2 class=\"theme-faq-title\">FAQ<\/h2>\n                                                <div class=\"theme-faq-accordion\">\n                    <div class=\"theme-faq-accordion-item\">\n                        <div class=\"theme-faq-accordion-item-title\">\n                            What sweetener do sugar-free gummies contain?                        <\/div>\n                        <div class=\"theme-faq-accordion-item-content\">\n                            <p>Sugar-free Yummygums contain stevia and maltitol. Stevia is a natural sweetener extracted from the leaves of the stevia plant. Maltitol is a sugar substitute that contains 75 to 90% of the sweetness. It is extracted from maltose (malt sugar), which comes from wheat or corn. This sweetener has almost the same properties as sugar, only it is much healthier! Maltitol is very low in calories, is better for your teeth and has less effect on blood sugar.<\/p>\n                        <\/div>\n                    <\/div>\n                <\/div>\n                                <div class=\"theme-faq-accordion\">\n                    <div class=\"theme-faq-accordion-item\">\n                        <div class=\"theme-faq-accordion-item-title\">\n                            What Yummygums can I combine?                        <\/div>\n                        <div class=\"theme-faq-accordion-item-content\">\n                            <p class=\"translation-block\">Consulta la tabla con las posibles combinaciones de vitaminas <a href=\"https:\/\/cdn.vitavif.com\/wp-content\/uploads\/2023\/12\/combineertabel-f3f8d5d6-ec75-43ea-86f6-8ce5e68db39f.png\" target=\"_blank\" rel=\"noopener\">aqu\u00ed<\/a>.<\/p>\n                        <\/div>\n                    <\/div>\n                <\/div>\n                                <div class=\"theme-faq-accordion\">\n                    <div class=\"theme-faq-accordion-item\">\n                        <div class=\"theme-faq-accordion-item-title\">\n                            Are Yummygums vegan?                        <\/div>\n                        <div class=\"theme-faq-accordion-item-content\">\n                            <p>All our Yummygums are vegan. They do not contain gelatin, but rather pectin and\/or starch to structure and bind. The starch comes from corn and the pectin is extracted from the skin of the fruits.<\/p>\n                        <\/div>\n                    <\/div>\n                <\/div>\n                                                                <a class=\"theme-faq-link theme-button\" href=\"https:\/\/vitavif.com\/en\/frequent-questions\/\">See more frequently asked questions <i class=\"fa-solid fa-arrow-right\"><\/i><\/a>\n                            <\/div>\n                        <div class=\"col-12 col-sm-10 col-md-8 col-lg-6\">\n                <div class=\"theme-faq-image-wrapper\">\n                    <img decoding=\"async\" src=\"https:\/\/vitavif.com\/wp-content\/uploads\/2023\/10\/faq-image.png\" alt=\"FAQ Image\">\n                <\/div>\n            <\/div>\n                    <\/div>\n    <\/div>\n<\/div>","protected":false},"excerpt":{"rendered":"","protected":false},"author":1,"featured_media":0,"parent":0,"menu_order":0,"comment_status":"closed","ping_status":"closed","template":"","meta":{"_acf_changed":false,"_seopress_robots_primary_cat":"","_seopress_titles_title":"","_seopress_titles_desc":"","_seopress_robots_index":"","footnotes":""},"class_list":["post-65","page","type-page","status-publish","hentry"],"acf":[],"_links":{"self":[{"href":"https:\/\/vitavif.com\/en\/wp-json\/wp\/v2\/pages\/65","targetHints":{"allow":["GET"]}}],"collection":[{"href":"https:\/\/vitavif.com\/en\/wp-json\/wp\/v2\/pages"}],"about":[{"href":"https:\/\/vitavif.com\/en\/wp-json\/wp\/v2\/types\/page"}],"author":[{"embeddable":true,"href":"https:\/\/vitavif.com\/en\/wp-json\/wp\/v2\/users\/1"}],"replies":[{"embeddable":true,"href":"https:\/\/vitavif.com\/en\/wp-json\/wp\/v2\/comments?post=65"}],"version-history":[{"count":68,"href":"https:\/\/vitavif.com\/en\/wp-json\/wp\/v2\/pages\/65\/revisions"}],"predecessor-version":[{"id":793,"href":"https:\/\/vitavif.com\/en\/wp-json\/wp\/v2\/pages\/65\/revisions\/793"}],"wp:attachment":[{"href":"https:\/\/vitavif.com\/en\/wp-json\/wp\/v2\/media?parent=65"}],"curies":[{"name":"wp","href":"https:\/\/api.w.org\/{rel}","templated":true}]}}