{"id":121,"date":"2023-10-31T14:57:57","date_gmt":"2023-10-31T14:57:57","guid":{"rendered":"https:\/\/vitavif.com\/?page_id=121"},"modified":"2024-02-16T08:22:44","modified_gmt":"2024-02-16T08:22:44","slug":"contact","status":"publish","type":"page","link":"https:\/\/vitavif.com\/en\/contacto\/","title":{"rendered":"Contact"},"content":{"rendered":"<div class=\"theme-wrapper theme-subhero\">\n    <div class=\"custom-container\">\n        <div class=\"row\">\n            <div class=\"col-12\">\n                <div class=\"theme-subhero-wrapper\">\n                    <h1 class=\"theme-subhero-wrapper-title\">\n                        CONTACTO                    <\/h1>\n                <\/div>\n            <\/div>\n        <\/div>\n    <\/div>\n<\/div>\n\n<div class=\"theme-wrapper theme-contact\">\n    <div class=\"container\">\n        <div class=\"row justify-content-center\">\n            <div class=\"col-12 col-md-6 col-lg-4\">\n                <h2 class=\"theme-contact-title\">CONTACTO<\/h2>\n                <div class=\"theme-contact-company\">\n                    <div class=\"theme-contact-company-content\">\n                        <p class=\"p1\"><b>VITAVIF.COM<\/b><\/p>\n<p><a href=\"mailto:info@vitavif.com\">info@vitavif.com<\/a><\/p>\n<p>&nbsp;<\/p>\n                    <\/div>\n                    <div class=\"theme-contact-company-content\">\n                        <h5><strong>direcci\u00f3n postal &amp; <\/strong><strong>devoluciones <\/strong><strong>para <\/strong><strong>Espa\u00f1a y Portugal<\/strong>:<\/h5>\n<p>&nbsp;<\/p>\n<p>Markolini TC<strong><br \/>\n<\/strong>Apartado 4<br \/>\n36080 Pontevedra<br \/>\nEspa\u00f1a<\/p>\n<p>&nbsp;<\/p>\n                    <\/div>\n                    <div class=\"theme-contact-company-content\">\n                        <h5><strong>para el resto de Europa<\/strong>:<\/h5>\n<p><strong><br \/>\n<\/strong>Markolini TC<br \/>\nPostbus 67<br \/>\n5768 ZH Meijel<br \/>\nPa\u00edses Bajos<\/p>\n                    <\/div>\n                <\/div>\n            <\/div>\n            <div class=\"col-12 col-md-6\">\n                <h2 class=\"theme-contact-title\">Formulario de contacto<\/h2>\n                <div class=\"theme-contact-form\">\n                    <div class='fluentform ff-default fluentform_wrapper_1 ffs_default_wrap'><form data-form_id=\"1\" id=\"fluentform_1\" class=\"frm-fluent-form fluent_form_1 ff-el-form-top ff_form_instance_1_1 ff-form-loading ffs_default\" data-form_instance=\"ff_form_instance_1_1\" method=\"POST\" ><fieldset  style=\"border: none!important;margin: 0!important;padding: 0!important;background-color: transparent!important;box-shadow: none!important;outline: none!important; min-inline-size: 100%;\">\n                    <legend class=\"ff_screen_reader_title\" style=\"display: block; margin: 0!important;padding: 0!important;height: 0!important;text-indent: -999999px;width: 0!important;overflow:hidden;\">Contact Form<\/legend>        <div\n                style=\"display: none!important; position: absolute!important; transform: translateX(1000%)!important;\"\n                class=\"ff-el-group ff-hpsf-container\"\n        >\n            <div class=\"ff-el-input--label asterisk-right\">\n                <label for=\"ff_1_item_sf\" aria-label=\"Notify\">\n                    Notify                <\/label>\n            <\/div>\n            <div class=\"ff-el-input--content\">\n                <input type=\"text\"\n                       name=\"item_1__fluent_sf\"\n                       class=\"ff-el-form-control\"\n                       id=\"ff_1_item_sf\"\n                \/>\n            <\/div>\n        <\/div>\n                <input type=\"hidden\" id=\"__fluent_protection_token_1\" class=\"fluent-form-token-field\" name=\"__fluent_protection_token_1\">\n        <input type='hidden' name='__fluent_form_embded_post_id' value='121' \/><input type=\"hidden\" id=\"_fluentform_1_fluentformnonce\" name=\"_fluentform_1_fluentformnonce\" value=\"acf0d8af00\" \/><input type=\"hidden\" name=\"_wp_http_referer\" value=\"\/en\/wp-json\/wp\/v2\/pages\/121\" \/><div data-name=\"ff_cn_id_1\"  class='ff-t-container ff-column-container ff_columns_total_2 '><div class='ff-t-cell ff-t-column-1' style='flex-basis: 50%;'><div data-type=\"name-element\" data-name=\"names\" class=\" ff-field_container ff-name-field-wrapper\" ><div class='ff-t-container'><div class='ff-t-cell '><div class='ff-el-group  ff-el-form-hide_label'><div class=\"ff-el-input--label ff-el-is-required asterisk-right\"><label for='ff_1_names_first_name_' id='label_ff_1_names_first_name_' >First Name<\/label><\/div><div class='ff-el-input--content'><input type=\"text\" name=\"names[first_name]\" id=\"ff_1_names_first_name_\" class=\"ff-el-form-control\" placeholder=\"Tu nombre\" aria-invalid=\"false\" aria-required=true><\/div><\/div><\/div><\/div><\/div><div class='ff-el-group ff-el-form-hide_label'><div class=\"ff-el-input--label asterisk-right\"><label for='ff_1_input_text' id='label_ff_1_input_text' aria-label=\"Text Input\">Text Input<\/label><\/div><div class='ff-el-input--content'><input type=\"text\" name=\"input_text\" class=\"ff-el-form-control\" placeholder=\"N\u00famero de pedido\" data-name=\"input_text\" id=\"ff_1_input_text\"  aria-invalid=\"false\" aria-required=false><\/div><\/div><\/div><div class='ff-t-cell ff-t-column-2' style='flex-basis: 50%;'><div class='ff-el-group ff-el-form-hide_label'><div class=\"ff-el-input--label ff-el-is-required asterisk-right\"><label for='ff_1_email_1' id='label_ff_1_email_1' aria-label=\"Email\">Email<\/label><\/div><div class='ff-el-input--content'><input type=\"email\" name=\"email_1\" id=\"ff_1_email_1\" class=\"ff-el-form-control\" placeholder=\"Correo electr\u00f3nico\" data-name=\"email_1\"  aria-invalid=\"false\" aria-required=true><\/div><\/div><div class='ff-el-group ff-el-form-hide_label'><div class=\"ff-el-input--label ff-el-is-required asterisk-right\"><label for='ff_1_dropdown' id='label_ff_1_dropdown' aria-label=\"Dropdown\">Dropdown<\/label><\/div><div class='ff-el-input--content'><select name=\"dropdown\" id=\"ff_1_dropdown\" class=\"ff-el-form-control\" data-name=\"dropdown\" data-calc_value=\"0\"  aria-invalid=\"false\" aria-required=\"true\" aria-labelledby=\"label_ff_1_dropdown\"><option value=\"\">Tipo de pregunta<\/option><option value=\"Quiero cambiar la direcci\u00f3n de env\u00edo\"  >Quiero cambiar la direcci\u00f3n de env\u00edo<\/option><option value=\"Otro tipo de consulta\"  >Otro tipo de consulta<\/option><\/select><\/div><\/div><\/div><\/div><div class='ff-el-group ff-el-form-hide_label'><div class=\"ff-el-input--label ff-el-is-required asterisk-right\"><label for='ff_1_message' id='label_ff_1_message' aria-label=\"Your Message\">Your Message<\/label><\/div><div class='ff-el-input--content'><textarea aria-required=\"true\" aria-labelledby=\"label_ff_1_message\" name=\"message\" id=\"ff_1_message\" class=\"ff-el-form-control\" placeholder=\"Tu mensaje\" rows=\"8\" cols=\"2\" data-name=\"message\" ><\/textarea><\/div><\/div><div class='ff-el-group ff-text-left ff_submit_btn_wrapper'><button type=\"submit\" class=\"ff-btn ff-btn-submit ff-btn-md ff_btn_style\"  aria-label=\"Enviar mensaje\">Enviar mensaje<\/button><\/div><\/fieldset><\/form><div id='fluentform_1_errors' class='ff-errors-in-stack ff_form_instance_1_1 ff-form-loading_errors ff_form_instance_1_1_errors'><\/div><\/div>            <script type=\"text\/javascript\">\n                window.fluent_form_ff_form_instance_1_1 = {\"id\":\"1\",\"ajaxUrl\":\"https:\\\/\\\/vitavif.com\\\/wp-admin\\\/admin-ajax.php\",\"settings\":{\"layout\":{\"labelPlacement\":\"top\",\"helpMessagePlacement\":\"with_label\",\"errorMessagePlacement\":\"inline\",\"cssClassName\":\"\",\"asteriskPlacement\":\"asterisk-right\"},\"restrictions\":{\"denyEmptySubmission\":{\"enabled\":false}}},\"form_instance\":\"ff_form_instance_1_1\",\"form_id_selector\":\"fluentform_1\",\"rules\":{\"names[first_name]\":{\"required\":{\"value\":true,\"message\":\"Este campo es obligatorio\",\"global\":false,\"global_message\":\"This field is required\"}},\"names[middle_name]\":{\"required\":{\"value\":false,\"message\":\"This field is required\",\"global\":false,\"global_message\":\"This field is required\"}},\"names[last_name]\":{\"required\":{\"value\":false,\"message\":\"This field is required\",\"global\":false,\"global_message\":\"This field is required\"}},\"input_text\":{\"required\":{\"value\":false,\"message\":\"This field is required\",\"global\":false,\"global_message\":\"This field is required\"}},\"email_1\":{\"required\":{\"value\":true,\"message\":\"Este campo es obligatorio\",\"global\":false,\"global_message\":\"This field is required\"},\"email\":{\"value\":true,\"message\":\"Este campo debe contener un correo electr\\u00f3nico v\\u00e1lido.\",\"global\":false,\"global_message\":\"This field must contain a valid email\"}},\"dropdown\":{\"required\":{\"value\":true,\"message\":\"Este campo es obligatorio\",\"global\":false,\"global_message\":\"This field is required\"}},\"message\":{\"required\":{\"value\":true,\"message\":\"Este campo es obligatorio\",\"global\":false,\"global_message\":\"This field is required\"}}},\"debounce_time\":300};\n                            <\/script>\n                            <\/div>\n            <\/div>\n        <\/div>\n        <div class=\"row justify-content-center\">\n            <div class=\"col-12 col-md-6 col-lg-4\">\n                <div class=\"theme-contact-company\">\n                    <div class=\"theme-contact-company-content\">\n                        <p><strong>VITAVIF.COM<\/strong><br \/>\nes una sucursal de:<\/p>\n<p>&nbsp;<\/p>\n<p><strong>Markolini Trade Company<\/strong><br \/>\nBolakker 16<br \/>\n5768 BV Meijel<br \/>\nPa\u00edses Bajos<\/p>\n<p>&nbsp;<\/p>\n<p><a href=\"mailto:info@markolini.com\">info@markolini.com<\/a><\/p>\n<p>&nbsp;<\/p>\n<p>NL92BUNQ2106217803<br \/>\nBIC: BUNQNL2A<br \/>\nKvK: 90583353<br \/>\nBTW: NL865373565B01<\/p>\n                    <\/div>\n                <\/div>\n                                <h2 class=\"theme-contact-title\">ENLACES \u00daTILES<\/h2>\n                <div class=\"theme-contact-links\">\n                    <p><a href=\"https:\/\/vitavif.com\/mi-cuenta\/\">Mi cuenta<\/a><\/p>\n<p><a href=\"https:\/\/vitavif.com\/cesta\/\">Cesta<\/a><\/p>\n<p><a href=\"https:\/\/vitavif.com\/mi-cuenta\/\">Registrarse<\/a><\/p>\n<p id=\"tw-target-text\" class=\"tw-data-text tw-text-large tw-ta\" dir=\"ltr\" data-placeholder=\"Vertaling\" data-ved=\"2ahUKEwijgpqsx_2CAxVv6wIHHbv_ABoQ3ewLegQIDhAQ\"><a href=\"https:\/\/vitavif.loeihard.dev\">Promo packs<\/a><\/p>\n<p><a href=\"https:\/\/vitavif.com\/wp-content\/uploads\/2023\/12\/ES-Politica-de-Privacidad-2023.pdf\">Pol\u00edtica de privacidad y cookies<\/a><\/p>\n<p><a href=\"https:\/\/vitavif.com\/wp-content\/uploads\/2023\/12\/ES-definitivo-Terminos-Condiciones-Generales-Vitavif.pdf\">T\u00e9rminos y condiciones generales<\/a><\/p>\n                <\/div>\n                            <\/div>\n            <div class=\"col-12 col-md-6\">\n                <h2 class=\"theme-contact-title\">PREGUNTAS FRECUENTES<\/h2>\n                                                <div class=\"theme-faq-accordion\">\n                    <div class=\"theme-faq-accordion-item\">\n                        <div class=\"theme-faq-accordion-item-title\">\n                            C\u00f3mo puedo recuperar la contrase\u00f1a?                        <\/div>\n                        <div class=\"theme-faq-accordion-item-content\">\n                            <p>Si no recuerdas tu contrase\u00f1a, la puedes recuperar <a href=\"https:\/\/vitavif.com\/mi-cuenta\/contrasena-perdida\/\">aqu\u00ed<\/a>.<\/p>\n<p>&nbsp;<\/p>\n<p>Escribe tu mail y haz clic en &#8216;restablecer contrase\u00f1a&#8217;.<\/p>\n                        <\/div>\n                    <\/div>\n                <\/div>\n                                <div class=\"theme-faq-accordion\">\n                    <div class=\"theme-faq-accordion-item\">\n                        <div class=\"theme-faq-accordion-item-title\">\n                            C\u00f3mo me puedo poner en contacto?                        <\/div>\n                        <div class=\"theme-faq-accordion-item-content\">\n                            <p>Estaremos encantados en ayudarte con cualquier comentario o consulta que nos hagas llegar. Puedes ponerte en contacto a trav\u00e9s el <a href=\"https:\/\/vitavif.com\/contacto\/\">formulario de contacto.<\/a> o enviar un correo electr\u00f3nico a <a href=\"mailto:info@vitavif.com\">info@vitavif.com<\/a><\/p>\n                        <\/div>\n                    <\/div>\n                <\/div>\n                                <div class=\"theme-faq-accordion\">\n                    <div class=\"theme-faq-accordion-item\">\n                        <div class=\"theme-faq-accordion-item-title\">\n                            C\u00f3mo puedo poner una reclamaci\u00f3n?                        <\/div>\n                        <div class=\"theme-faq-accordion-item-content\">\n                            <p>Al ser un comercio electr\u00f3nico, VITAVIF no dispone de hojas de reclamaciones.<\/p>\n<p>Todas las reclamaciones quedan registradas cuando el cliente nos escribe desde el <a href=\"https:\/\/vitavif.com\/contacto\/\">formulario de contacto<\/a>. Estaremos encantados en ayudarte con cualquier comentario o consulta que nos hagas llegar.<\/p>\n                        <\/div>\n                    <\/div>\n                <\/div>\n                                            <\/div>\n        <\/div>\n    <\/div>\n<\/div>\n\n<div class=\"theme-wrapper theme-cta\">\n    <div class=\"container\">\n        <div class=\"row\">\n            <div class=\"col-12 col-lg-6\">\n                <div class=\"theme-cta-wrapper\">\n                    <a class=\"theme-cta-wrapper-cta\" href=\"https:\/\/vitavif.com\">\n                        <div class=\"theme-cta-wrapper-cta-insta\">\n                            <i class=\"fa-brands fa-instagram\"><\/i>\n                        <\/div>\n                        <h3 class=\"theme-cta-wrapper-cta-name\">@vitavif<\/h3>\n                    <\/a>\n                <\/div>\n                <h2 class=\"theme-cta-title\">Vitavif FANS<\/h2>\n                <h3 class=\"theme-cta-subtitle\">S\u00edguenos y \u00fanete a la Yummygum familia<\/h3>\n                <div class=\"theme-cta-content\"><p>Todos los d\u00edas hacemos feliz a la gente con Yummygums. Nuestros fans est\u00e1n entusiasmados y satisfechos con los resultados. Si t\u00fa tambi\u00e9n lo has experimentado as\u00ed, h\u00e1znoslo saber y escribe una rese\u00f1a.<\/p>\n<\/div>\n                <div class=\"theme-cta-image-wrapper\">\n                    <img decoding=\"async\" src=\"https:\/\/vitavif.com\/wp-content\/uploads\/2023\/10\/gummies-emphasis.png\" alt=\"Gummies\">\n                <\/div>\n            <\/div>\n            <div class=\"col-12 col-lg-6\">\n                <div class=\"theme-cta__wrapper\">\n                    <div class=\"theme-cta-row\">\n                        <div class=\"theme-cta-row-image-wrapper image-small\">\n                            <img decoding=\"async\" src=\"https:\/\/vitavif.com\/wp-content\/themes\/loeihard-theme\/assets\/img\/instagram-cta-1.webp\" alt=\"\">\n                        <\/div>\n                        <div class=\"theme-cta-row-image-wrapper image-small\">\n                            <img decoding=\"async\" src=\"https:\/\/vitavif.com\/wp-content\/themes\/loeihard-theme\/assets\/img\/instagram-cta-4.webp\" alt=\"\">\n                        <\/div>\n                        <div class=\"theme-cta-row-image-wrapper image-small\">\n                            <img decoding=\"async\" src=\"https:\/\/vitavif.com\/wp-content\/themes\/loeihard-theme\/assets\/img\/instagram-cta-7.webp\" alt=\"\">\n                        <\/div>\n                    <\/div>\n                    <div class=\"theme-cta-row\">\n                        <div class=\"theme-cta-row-image-wrapper image-small\">\n                            <img decoding=\"async\" src=\"https:\/\/vitavif.com\/wp-content\/themes\/loeihard-theme\/assets\/img\/instagram-cta-2.webp\" alt=\"\">\n                        <\/div>\n                        <div class=\"theme-cta-row-image-wrapper image-small\">\n                            <img decoding=\"async\" src=\"https:\/\/vitavif.com\/wp-content\/themes\/loeihard-theme\/assets\/img\/instagram-cta-5.webp\" alt=\"\">\n                        <\/div>\n                        <div class=\"theme-cta-row-image-wrapper image-small\">\n                            <img decoding=\"async\" src=\"https:\/\/vitavif.com\/wp-content\/themes\/loeihard-theme\/assets\/img\/instagram-cta-8.webp\" alt=\"\">\n                        <\/div>\n                    <\/div>\n                    <div class=\"theme-cta-row\">\n                        <div class=\"theme-cta-row-image-wrapper image-small\">\n                            <img decoding=\"async\" src=\"https:\/\/vitavif.com\/wp-content\/themes\/loeihard-theme\/assets\/img\/instagram-cta-3.webp\" alt=\"\">\n                        <\/div>\n                        <div class=\"theme-cta-row-image-wrapper image-small\">\n                            <img decoding=\"async\" src=\"https:\/\/vitavif.com\/wp-content\/themes\/loeihard-theme\/assets\/img\/instagram-cta-6.webp\" alt=\"\">\n                        <\/div>\n                        <div class=\"theme-cta-row-image-wrapper image-small\">\n                            <img decoding=\"async\" src=\"https:\/\/vitavif.com\/wp-content\/themes\/loeihard-theme\/assets\/img\/instagram-cta-9.webp\" alt=\"\">\n                        <\/div>\n                    <\/div>\n                <\/div>\n            <\/div>\n        <\/div>\n    <\/div>\n<\/div>","protected":false},"excerpt":{"rendered":"","protected":false},"author":1,"featured_media":0,"parent":0,"menu_order":0,"comment_status":"closed","ping_status":"closed","template":"","meta":{"_acf_changed":false,"_seopress_robots_primary_cat":"","_seopress_titles_title":"","_seopress_titles_desc":"","_seopress_robots_index":"","footnotes":""},"class_list":["post-121","page","type-page","status-publish","hentry"],"acf":[],"_links":{"self":[{"href":"https:\/\/vitavif.com\/en\/wp-json\/wp\/v2\/pages\/121","targetHints":{"allow":["GET"]}}],"collection":[{"href":"https:\/\/vitavif.com\/en\/wp-json\/wp\/v2\/pages"}],"about":[{"href":"https:\/\/vitavif.com\/en\/wp-json\/wp\/v2\/types\/page"}],"author":[{"embeddable":true,"href":"https:\/\/vitavif.com\/en\/wp-json\/wp\/v2\/users\/1"}],"replies":[{"embeddable":true,"href":"https:\/\/vitavif.com\/en\/wp-json\/wp\/v2\/comments?post=121"}],"version-history":[{"count":63,"href":"https:\/\/vitavif.com\/en\/wp-json\/wp\/v2\/pages\/121\/revisions"}],"predecessor-version":[{"id":697,"href":"https:\/\/vitavif.com\/en\/wp-json\/wp\/v2\/pages\/121\/revisions\/697"}],"wp:attachment":[{"href":"https:\/\/vitavif.com\/en\/wp-json\/wp\/v2\/media?parent=121"}],"curies":[{"name":"wp","href":"https:\/\/api.w.org\/{rel}","templated":true}]}}